{"id":2622,"date":"2016-11-02T10:31:21","date_gmt":"2016-11-02T09:31:21","guid":{"rendered":"https:\/\/www.hotelboston.it\/privacy-policy\/"},"modified":"2018-10-25T10:00:29","modified_gmt":"2018-10-25T08:00:29","slug":"privacy-policy","status":"publish","type":"page","link":"https:\/\/www.hotelboston.it\/de\/privacy-policy\/","title":{"rendered":"Privacy Policy Boston Hotel"},"content":{"rendered":"<p>Sehr geehrter Herr, sehr geehrte Frau,<br \/>\nwir m\u00f6chten Sie dar\u00fcber informieren, dass der ital. Gesetzerlass Nr. 196 vom 30. Juni 2003 (\u201cGesetz zum Schutz der personenbezogenen Daten\u201d) den Schutz der Personen sowie sonstiger Subjekte im Zusammenhang mit der Verarbeitung der personenbezogenen Daten vorsieht. Gem\u00e4\u00df den Bestimmungen dieses Gesetzerlasses erfolgt die Verarbeitung der personenbezogenen Daten der Nutzer, die die Website konsultieren und ihre Dienstleistungen in Anspruch nehmen, gem\u00e4\u00df den Prinzipien der Korrektheit, der Gesetzlichkeit, der Transparenz sowie des Schutzes der Vertraulichkeit Ihrer Daten.<br \/>\nGem\u00e4\u00df den Bestimmungen von \u00a7 13 des ital. Gesetzerlasses Nr. 196\/2003 erteilen wir Ihnen daher die folgenden Informationen:<\/p>\n<p>1) Die von Ihnen angegebenen Daten werden f\u00fcr die folgenden Zwecke verarbeitet: Erstellung eines Kostenvoranschlags sowie Zusendung desselben; Zusendung von Werbematerial, Newsletter, Gl\u00fcckw\u00fcnschen zu Feiertagen, Marketing-Material usw.<br \/>\n2) Bei der Verarbeitung in Zusammenhang mit der Abwicklung des erhaltenen professionellen Auftrags, herr <strong>Stefano Biondi<\/strong>, die das <strong>Hotel Boston<\/strong>\u00a0betreibt, Daten bekannt werden, die der ital. Gesetzerlass Nr. 196\/03 als personenbezogene Daten \u201edefiniert\u201c, die zur \u201eIdentifizierung\u201c dienen.<br \/>\n3) IDie Verarbeitung erfolgt mit den folgenden Modalit\u00e4ten: automatisierte Speichersysteme, Verwaltung und \u00dcbertragung derselben mit Logiken, die in engem Zusammenhang mit den Zwecken stehen, auf der Grundlage der Daten in unserem Besitz sowie mit der Verpflichtung ihrerseits, eventuelle Korrekturen, Erg\u00e4nzungen und\/oder Aktualisierungen rechtzeitig mitzuteilen.<br \/>\n4)Ihre Daten k\u00f6nnen \u00fcber das Internet ausschlie\u00dflich im Rahmen der Website www.hotelbaia.it verbreitet und f\u00fcr die in der vorliegenden Information angegebenen Zwecke verwendet werden.<br \/>\n5) Die durch diese Registrierung erfassten personenbezogenen Daten k\u00f6nnen von Subjekten verarbeitet werden, die mit der Erbringung von Dienstleistungen und Marketing-Aktivit\u00e4ten beauftragt werden. Au\u00dferdem werden die Daten aufgrund von gesetzlichen Pflichten sowie f\u00fcr die Abwicklung der angegebenen Zwecke mitgeteilt an:<br \/>\n\u2022 andere Hotels der Gruppe<br \/>\n\u2022 gegebenenfalls und nur nach Genehmigung des Rechtsinhabers an die Techniker des Hosting-Providers f\u00fcr Wartungsarbeiten und\/oder technische Eingriffe.<br \/>\n6) Das fakultative, explizite und freiwillige Senden von E-Mails an die auf dieser Website angegebenen Adressen f\u00fchrt zur Erfassung der Adresse des Absenders, die zur Beantwortung der Anfrage erforderlich ist, sowie der eventuelle weiteren in der Mitteilung angegebenen personenbezogenen Daten. Die Angabe der Daten ist<br \/>\n\u2022 erforderlich, bezogen auf die Daten, die sich auf die \u201ePflichtfelder\u201c beziehen, und die eventuelle Verweigerung der Angabe dieser Daten f\u00fchrt dazu, dass die Anfrage nicht bearbeitet wird, da diese Daten zur Identifizierung dienen und eine Voraussetzung f\u00fcr die Nutzung der angebotenen Dienstleistungen darstellen.<br \/>\n\u2022 fakultativ, bezogen auf die \u201efakultativen Felder\u201c; die eventuelle Verweigerung der Angabe dieser Daten beeintr\u00e4chtigt die Erbringung der Dienstleistung nicht<br \/>\n7) Der Rechtsinhaber der Verarbeitung der Daten ist die\u00a0<strong>Hotel\u00a0Boston<\/strong><br \/>\n8) Der Verantwortliche der Verarbeitung der Daten ist<strong> Herr Stefano Biondi<\/strong><br \/>\n9) Jederzeit k\u00f6nnen Sie Ihre Rechte gegen den Rechtsinhaber der Verarbeitung gem\u00e4\u00df den Bestimmungen von \u00a7 7 des ital. Gesetzerlasses 196\/2003 aus\u00fcben, indem sie einen Antrag an <a href=\"mailto:reception@hotelboston.it\">reception<strong>@<\/strong>hotelboston.it<\/a>\u00a0senden.<\/p>\n<p><strong>Im Folgenden geben wir \u00a7 7 des ital. Gesetzerlasses 196\/2003 vollst\u00e4ndig wieder:<\/strong><\/p>\n<h2>\u00a7 7 (recht auf Zugang zu den personenbezogenen Daten sowie sonstige Rechte)<\/h2>\n<p>1.Der Betroffene hat das Recht auf Information \u00fcber das Vorhandenseins von personenbezogenen Daten, die ihn betreffen, auch falls noch nicht registriert, sowie deren Mitteilung in verst\u00e4ndlicher Form.<br \/>\n2. Der Betroffene hat das Recht auf Angabe:<br \/>\na) der Herkunft der personenbezogenen Daten;<br \/>\nb) der Zwecke und Modalit\u00e4ten der Verarbeitung;<br \/>\nc) die angewendete Logik im Falle der Verarbeitung mit elektronischen Hilfsmitteln;<br \/>\nd) der Daten zur Identifizierung des Rechtsinhabers, der Verantwortlichen sowie des Vertreters gem\u00e4\u00df den Bestimmungen von \u00a7 5, Absatz 2;<br \/>\ne) der Subjekte oder der Kategorien von Subjekten, denen die personenbezogenen Daten mitgeteilt werden k\u00f6nnen oder denen sie in ihrer Eigenschaft als beauftragte Vertreter im Staatsgebiet, als Verantwortliche oder als beauftragte bekannt werden k\u00f6nnen.<br \/>\n3. Der Betroffene hat das Recht:<br \/>\na) auf die Aktualisierung, die Berichtigung sowie die Vervollst\u00e4ndigung der Daten, falls er daran Interesse hat;<br \/>\nb) die L\u00f6schung, die Anonymisierung oder die Blockierung der gesetzwidrig verarbeiteten Daten, einschlie\u00dflich derjenigen, deren Aufbewahrung nicht erforderlich ist f\u00fcr die Zwecke, f\u00fcr die sie erfasst oder anschlie\u00dfend verarbeitet wurden;<br \/>\nc) die Bescheinigung, dass die Operationen gem\u00e4\u00df den Angaben der Punkte a) und b) denjenigen zur Kenntnis gebracht worden sind, auch hinsichtlich ihres Inhalts, denen die Daten mitgeteilt wurden, es sei denn, dies ist unm\u00f6glich oder f\u00fchrt zu einem Aufwand von Mitteln, der nicht im Verh\u00e4ltnis zum gesch\u00fctzten Recht steht.<br \/>\n4. Der Betroffene hat das Recht, sich ganz oder teilweise zu widersetzen:<br \/>\na) aus rechtfertigendem Grund der Verarbeitung der ihn betreffenden personenbezogenen Daten, sowie dem Zweck der Erfassung;<br \/>\nb) der Verarbeitung der ihn betreffenden personenbezogenen Daten f\u00fcr die Zusendung von Werbematerial, den Direktverkauf, die Durchf\u00fchrung von Marktforschungen oder kommerzielle Mitteilungen.<\/p>\n","protected":false},"excerpt":{"rendered":"<p>Sehr geehrter Herr, sehr geehrte Frau, wir m\u00f6chten Sie dar\u00fcber informieren, dass der ital. Gesetzerlass Nr. 196 vom 30. Juni 2003 (\u201cGesetz zum Schutz der personenbezogenen Daten\u201d) den Schutz der Personen sowie sonstiger Subjekte im Zusammenhang mit der Verarbeitung der personenbezogenen Daten vorsieht. Gem\u00e4\u00df den Bestimmungen dieses Gesetzerlasses erfolgt die Verarbeitung der personenbezogenen Daten der Nutzer, die die Website konsultieren und ihre Dienstleistungen in Anspruch nehmen, gem\u00e4\u00df den Prinzipien der &#8230;<\/p>\n","protected":false},"author":1,"featured_media":0,"parent":0,"menu_order":0,"comment_status":"closed","ping_status":"closed","template":"","meta":{"_acf_changed":false},"class_list":["post-2622","page","type-page","status-publish","hentry"],"acf":[],"publishpress_future_workflow_manual_trigger":{"enabledWorkflows":[]},"_links":{"self":[{"href":"https:\/\/www.hotelboston.it\/de\/wp-json\/wp\/v2\/pages\/2622","targetHints":{"allow":["GET"]}}],"collection":[{"href":"https:\/\/www.hotelboston.it\/de\/wp-json\/wp\/v2\/pages"}],"about":[{"href":"https:\/\/www.hotelboston.it\/de\/wp-json\/wp\/v2\/types\/page"}],"author":[{"embeddable":true,"href":"https:\/\/www.hotelboston.it\/de\/wp-json\/wp\/v2\/users\/1"}],"replies":[{"embeddable":true,"href":"https:\/\/www.hotelboston.it\/de\/wp-json\/wp\/v2\/comments?post=2622"}],"version-history":[{"count":0,"href":"https:\/\/www.hotelboston.it\/de\/wp-json\/wp\/v2\/pages\/2622\/revisions"}],"wp:attachment":[{"href":"https:\/\/www.hotelboston.it\/de\/wp-json\/wp\/v2\/media?parent=2622"}],"curies":[{"name":"wp","href":"https:\/\/api.w.org\/{rel}","templated":true}]}}