{"id":2620,"date":"2016-10-25T17:32:11","date_gmt":"2016-10-25T15:32:11","guid":{"rendered":"https:\/\/www.hotelboston.it\/home-page\/"},"modified":"2019-08-13T15:07:05","modified_gmt":"2019-08-13T13:07:05","slug":"home-page","status":"publish","type":"page","link":"https:\/\/www.hotelboston.it\/de\/","title":{"rendered":"F\u00fcr alle die sich Relax und Wellness w\u00fcnschen, Fur alle die Kunst und Kultur suchen"},"content":{"rendered":"<p>Hotel Boston ist ihren 4-Sterne-Hotel in Montecatini Terme die perfekte Wahl f\u00fcr einen erholsamer Aufenthalt im Herz der Toskana .<\/p>\n<p>Hier hei\u00dft Innen Willkommen, die Biondi Familie, die seit 3 Generationen ihre G\u00e4ste aufnimmt und macht es ihnen gem\u00fctlich, mit all die m\u00f6glichen Komforts.<\/p>\n<p>Die reichliche und gem\u00fctliche R\u00e4ume unterschieden sich f\u00fcr einen Klassischen und Eleganten Stil. Sie werden jederzeit jemanden finden der bereit ist Ihnen die sch\u00f6nsten Ecken der Toskana entdecken zu lassen und die besten Spas und Resorts Montecatini zu empfehlen.<\/p>\n<p>Das Pool auf die Terrasse der Dependance erwartet Sie f\u00fcr einen Ehrholungsbad mit eine wundersch\u00f6ne Sicht auf die Berge von Montecatini Alto . G\u00f6nnen Sie sich Ihren wohlverdienten Relax auf eine Sonnenliege in unsern Solarium und vergessen Sie den Stress des Alltags.<\/p>\n","protected":false},"excerpt":{"rendered":"<p>Hotel Boston ist ihren 4-Sterne-Hotel in Montecatini Terme die perfekte Wahl f\u00fcr einen erholsamer Aufenthalt im Herz der Toskana . Hier hei\u00dft Innen Willkommen, die Biondi Familie, die seit 3 Generationen ihre G\u00e4ste aufnimmt und macht es ihnen gem\u00fctlich, mit all die m\u00f6glichen Komforts. Die reichliche und gem\u00fctliche R\u00e4ume unterschieden sich f\u00fcr einen Klassischen und Eleganten Stil. Sie werden jederzeit jemanden finden der bereit ist Ihnen die sch\u00f6nsten Ecken der &#8230;<\/p>\n","protected":false},"author":1,"featured_media":0,"parent":0,"menu_order":0,"comment_status":"closed","ping_status":"closed","template":"","meta":{"_acf_changed":false},"class_list":["post-2620","page","type-page","status-publish","hentry"],"acf":[],"publishpress_future_workflow_manual_trigger":{"enabledWorkflows":[]},"_links":{"self":[{"href":"https:\/\/www.hotelboston.it\/de\/wp-json\/wp\/v2\/pages\/2620","targetHints":{"allow":["GET"]}}],"collection":[{"href":"https:\/\/www.hotelboston.it\/de\/wp-json\/wp\/v2\/pages"}],"about":[{"href":"https:\/\/www.hotelboston.it\/de\/wp-json\/wp\/v2\/types\/page"}],"author":[{"embeddable":true,"href":"https:\/\/www.hotelboston.it\/de\/wp-json\/wp\/v2\/users\/1"}],"replies":[{"embeddable":true,"href":"https:\/\/www.hotelboston.it\/de\/wp-json\/wp\/v2\/comments?post=2620"}],"version-history":[{"count":0,"href":"https:\/\/www.hotelboston.it\/de\/wp-json\/wp\/v2\/pages\/2620\/revisions"}],"wp:attachment":[{"href":"https:\/\/www.hotelboston.it\/de\/wp-json\/wp\/v2\/media?parent=2620"}],"curies":[{"name":"wp","href":"https:\/\/api.w.org\/{rel}","templated":true}]}}