{"id":2619,"date":"2017-01-25T16:48:13","date_gmt":"2017-01-25T15:48:13","guid":{"rendered":"https:\/\/www.hotelboston.it\/le-nostre-camere\/"},"modified":"2024-04-03T09:56:42","modified_gmt":"2024-04-03T07:56:42","slug":"zimmer","status":"publish","type":"page","link":"https:\/\/www.hotelboston.it\/de\/zimmer\/","title":{"rendered":"UNSERE ZIMMER"},"content":{"rendered":"<p>&nbsp;<\/p>\n<p>Die verschiedenen Aufenthaltsformeln des <strong>Hotels Boston <\/strong>in Montecatini Terme erf\u00fcllen alle Ihre Bed\u00fcrfnisse und bieten Ihnen <strong>die besten L\u00f6sungen f\u00fcr Ihren Urlaub.<\/strong><\/p>\n<p><span style=\"font-weight: 400;\">Sorgfalt und Liebe zum Detail, warme Farben, <\/span><b>raffinierter Stil sowie moderne <\/b><span style=\"font-weight: 400;\">Badezimmer kennzeichnen die Zimmer des Hotel Boston, alle ausgestattet mit <\/span><b>Duschkabine <\/b><span style=\"font-weight: 400;\">und F\u00f6n, <\/span><b>Klimaanlage <\/b><span style=\"font-weight: 400;\">LCD-TV mit ausl\u00e4ndischen Kan\u00e4len, Schlie\u00dffach, Mini-Bar und Telefon.<\/span><\/p>\n<p><span style=\"font-weight: 400;\">Sie k\u00f6nnen die <\/span><b>SUPERIOR <\/b><span style=\"font-weight: 400;\">Zimmer w\u00e4hlen, <\/span><b>unsere besten und komfortabelsten Zimmer<\/b><span style=\"font-weight: 400;\"> mit <\/span><b>Kingsize-Betten<\/b><span style=\"font-weight: 400;\"> und <\/span><b>extragro\u00dfen Duschkabinen.<\/b><span style=\"font-weight: 400;\"><br \/>\n<\/span><span style=\"font-weight: 400;\">Alternativ\u00a0 zeichnen sich\u00a0 die <\/span><b>STANDARD <\/b><span style=\"font-weight: 400;\">Zimmer\u00a0 durch <\/span><b>Funktionalit\u00e4t und Komfort<\/b><span style=\"font-weight: 400;\"> aus und\u00a0 bieten Ihnen einen einfachen und entspannenden Raum.<\/span><\/p>\n<p><span style=\"font-weight: 400;\">Diese beiden Zimmertypen wurden <\/span><b>komplett renoviert<\/b><span style=\"font-weight: 400;\">, einschlie\u00dflich der <\/span><b>Einrichtung <\/b><span style=\"font-weight: 400;\">und der <\/span><b>B\u00e4der<\/b><span style=\"font-weight: 400;\">.<\/span><\/p>\n<p><span style=\"font-weight: 400;\">F\u00fcr preisbewusste G\u00e4ste sind die <\/span><b>BASIC<\/b><span style=\"font-weight: 400;\">-Zimmer sicherlich die bequemste L\u00f6sung gegen\u00fcber den <\/span><b>BASIC DEPENDANCE<\/b><span style=\"font-weight: 400;\">-Zimmern, die sich in einem vom Haupthotel getrennten Geb\u00e4ude befinden.<\/span><\/p>\n<p><span style=\"font-weight: 400;\">Diese beiden Zimmertypen bieten alle Annehmlichkeiten f\u00fcr einen angenehmen Aufenthalt, aber sowohl die Einrichtung als auch die B\u00e4der sind nicht renoviert.<\/span><\/p>\n<p><span style=\"font-weight: 400;\">In unseren Zimmerpreisen sind unbegrenztes Wi-Fi im gesamten Hotel und der Zugang zum <\/span><b>Dachterrassenpool<\/b><span style=\"font-weight: 400;\"> in einem separaten Geb\u00e4ude, der Dependance, von April bis Oktober enthalten.<\/span><\/p>\n<p><span style=\"font-weight: 400;\">Um Ihren Aufenthalt noch angenehmer zu gestalten, empfehlen wir Ihnen, <\/span><b>das exquisite Fr\u00fchst\u00fccksbuffet<\/b><span style=\"font-weight: 400;\"> und die <\/span><b>k\u00f6stlichen Abendessen <\/b><span style=\"font-weight: 400;\">des Hotelrestaurants zu Ihrer Reservierung hinzuzuf\u00fcgen, indem Sie die vorteilhafte Formel <\/span><b>HALBPENSION <\/b><span style=\"font-weight: 400;\">w\u00e4hlen.<\/span><\/p>\n<p style=\"text-align: center;\"><strong>Entdecken Sie unten alle Merkmale der verschiedenen Zimmertypen.<br \/>\n<\/strong><\/p>\n","protected":false},"excerpt":{"rendered":"<p>&nbsp; Die verschiedenen Aufenthaltsformeln des Hotels Boston in Montecatini Terme erf\u00fcllen alle Ihre Bed\u00fcrfnisse und bieten Ihnen die besten L\u00f6sungen f\u00fcr Ihren Urlaub. Sorgfalt und Liebe zum Detail, warme Farben, raffinierter Stil sowie moderne Badezimmer kennzeichnen die Zimmer des Hotel Boston, alle ausgestattet mit Duschkabine und F\u00f6n, Klimaanlage LCD-TV mit ausl\u00e4ndischen Kan\u00e4len, Schlie\u00dffach, Mini-Bar und Telefon. Sie k\u00f6nnen die SUPERIOR Zimmer w\u00e4hlen, unsere besten und komfortabelsten Zimmer mit Kingsize-Betten und &#8230;<\/p>\n","protected":false},"author":1,"featured_media":0,"parent":0,"menu_order":0,"comment_status":"closed","ping_status":"closed","template":"","meta":{"_acf_changed":false},"class_list":["post-2619","page","type-page","status-publish","hentry"],"acf":[],"publishpress_future_workflow_manual_trigger":{"enabledWorkflows":[]},"_links":{"self":[{"href":"https:\/\/www.hotelboston.it\/de\/wp-json\/wp\/v2\/pages\/2619","targetHints":{"allow":["GET"]}}],"collection":[{"href":"https:\/\/www.hotelboston.it\/de\/wp-json\/wp\/v2\/pages"}],"about":[{"href":"https:\/\/www.hotelboston.it\/de\/wp-json\/wp\/v2\/types\/page"}],"author":[{"embeddable":true,"href":"https:\/\/www.hotelboston.it\/de\/wp-json\/wp\/v2\/users\/1"}],"replies":[{"embeddable":true,"href":"https:\/\/www.hotelboston.it\/de\/wp-json\/wp\/v2\/comments?post=2619"}],"version-history":[{"count":0,"href":"https:\/\/www.hotelboston.it\/de\/wp-json\/wp\/v2\/pages\/2619\/revisions"}],"wp:attachment":[{"href":"https:\/\/www.hotelboston.it\/de\/wp-json\/wp\/v2\/media?parent=2619"}],"curies":[{"name":"wp","href":"https:\/\/api.w.org\/{rel}","templated":true}]}}