{"id":2611,"date":"2017-01-25T16:51:41","date_gmt":"2017-01-25T15:51:41","guid":{"rendered":"https:\/\/www.hotelboston.it\/cosa-vedere-a-montecatini-terme\/"},"modified":"2018-08-30T10:03:38","modified_gmt":"2018-08-30T08:03:38","slug":"im-herz-von-montecatini-terme-entdecken-sie-die-stadt","status":"publish","type":"page","link":"https:\/\/www.hotelboston.it\/de\/im-herz-von-montecatini-terme-entdecken-sie-die-stadt\/","title":{"rendered":"Im Herz von Montecatini Terme, entdecken Sie die Stadt"},"content":{"rendered":"<div class=\"row\">\n<div class=\"col-md-6\">\n<div class=\"map-block\">\n<h1>Im Herz von Montecatini Terme, entdecken Sie die Stadt<\/h1>\n<p><img decoding=\"async\" class=\"img-responsive\" src=\"https:\/\/www.hotelboston.it\/wp-content\/uploads\/2017\/09\/cosa-fare-terme.jpg\" alt=\"\" \/><\/p>\n<div class=\"map-block-inner\">Das Hotel Boston befindet sich auf eine Allee im Stadt Zentrum, gleich au\u00dferhalb der verkehrsberuhigte Zone. Hier haben sie die Heilb\u00e4der und Sie erreichen in weniger Zeit die Sportzentren und die antike Standseilbahn die Montecatini Alto erreicht.<a href=\"#cosa-vedere\">entdecken Sie mehr<\/a><\/div>\n<\/div>\n<\/div>\n<div class=\"col-md-6\">\n<div class=\"map-block\">\n<h2>Um Sie herum, der Zauber der Toskana<\/h2>\n<p><img decoding=\"async\" class=\"img-responsive\" src=\"https:\/\/www.hotelboston.it\/wp-content\/uploads\/2017\/09\/cosa-fare-pisa.jpg\" alt=\"\" \/><\/p>\n<div class=\"map-block-inner\">Die Toskana zu entdecken mit ihre eigene Essenz ist eine faszinierende Erfahrung die Emotionen, Landschaften, D\u00fcfte und Geschmack mischt.<br \/>\nLiegt zwischen Florenz und Pisa, Montecatini Terme ist eine Kleinstadt geografisch im Zentrum der Toskana und ist ein perfekter Startpunkt f\u00fcr Ihren spannender Tour.<a href=\"#dintorni\">entdecken Sie mehr<\/a><\/div>\n<\/div>\n<\/div>\n<\/div>\n<h2 id=\"cosa-vedere\" data-paddingtopscroll=\"120\">Sehensw\u00fcrdigkeiten in Montecatini Terme<\/h2>\n<div class=\"locations\">\n<div class=\"row\">\n<div class=\"col-md-4\">\n<h3>Die Thermalb\u00e4der von Montecatini<\/h3>\n<p><img decoding=\"async\" class=\"img-responsive\" src=\"https:\/\/www.hotelboston.it\/wp-content\/uploads\/2017\/01\/terme-Tettuccio-00-585x335.jpg\" alt=\"\" \/><br \/>\nIn Montecatini k\u00f6nnen Sie sich am Wellness widmen in eleganten Pal\u00e4ste in Liberty Stil, wie die Tettuccio und Excelsior B\u00e4der. Erholen Sie sich in das Thermalwasser Pool von die Redi Thermen, wenige Schritte vom Hotel Boston entfernt.<br \/>\nEinen Vollst\u00e4ndiger Angebot von Dienstleistungen f\u00fcr Relax und f\u00fcr die Sch\u00f6nheit des K\u00f6rpers, kombiniert mit das Thermalwasser von Montecatini, seit immer Weltber\u00fchmt f\u00fcr die Vorteile auf dem K\u00f6rper.<\/p>\n<\/div>\n<div class=\"col-md-4\">\n<h3>Die Funicolare (Standseilbahn)<\/h3>\n<p><img decoding=\"async\" class=\"img-responsive\" src=\"https:\/\/www.hotelboston.it\/wp-content\/uploads\/2017\/01\/funicolare-01-585x335.jpg\" alt=\"\" \/><br \/>\nEine kurze Fahrt das die F\u00e4higkeit hat die Zeit wieder umzubringen.<br \/>\nIn 1898 Er\u00f6ffnet, die ber\u00fchmte Standseilbahn von Montecatini ist die \u00e4lteste Europa die noch aktiv ist.<br \/>\nIn eine Landschaft umgeben mit Weinreben und Olivenb\u00e4ume, fahren diese Wagons bis zur \u00e4lteste Stadtabteil.<\/p>\n<\/div>\n<div class=\"col-md-4\">\n<h3>Montecatini Alto<\/h3>\n<p><img decoding=\"async\" class=\"img-responsive\" src=\"https:\/\/www.hotelboston.it\/wp-content\/uploads\/2017\/01\/montecatini-alto-03-585x335.jpg\" alt=\"\" \/><br \/>\nUrspr\u00fcnglich Romanisch, ist der Herz der Stadt von Montecatini. Bewahrt noch seine Burg, die urspr\u00fcnglich von Mauern umschlossen.<br \/>\nAuf den Ziegeln Stra\u00dfen zu spazieren zwischen die niedrige H\u00e4usern kann sehr Romantisch und von diesem erh\u00f6hten Ort genie\u00dfen Sie einen herrlichen Blick \u00fcber die Valdinievole.<\/p>\n<\/div>\n<\/div>\n<div class=\"row\">\n<div class=\"col-md-4\">\n<h3>Der Stadtpark<\/h3>\n<p><img decoding=\"async\" class=\"img-responsive\" src=\"https:\/\/www.hotelboston.it\/wp-content\/uploads\/2017\/01\/pineta-montecatini-01-585x335.jpg\" alt=\"\" \/><br \/>\nDer Park La Pineta in Montecatini ist ein gro\u00dfes Gebiet in der N\u00e4he von die Thermalb\u00e4der, eine erfrischende gr\u00fcne Lunge die der Stadt saubere Luft schenkt.<br \/>\nDieses ist der Perfekter Ort um sich einen erfrischender Moment zu g\u00f6nnen im Gr\u00fcnes, um zu Joggen oder sich einfach nur zwischen den B\u00e4umen zu entspannen.<\/p>\n<\/div>\n<div class=\"col-md-4\">\n<h3>Grotta Giusti<\/h3>\n<p><img decoding=\"async\" class=\"img-responsive\" src=\"https:\/\/www.hotelboston.it\/wp-content\/uploads\/2017\/01\/terme-Grotta-Giusti-01-585x335.jpg\" alt=\"\" \/><br \/>\nIn Monsummano Terme, in der N\u00e4he von Montecatini Terme, k\u00f6nnen sie die Behandlungen der renommierten Beauty Farm \u201eGrotta Giusti\u201c profitieren mit einen Thermalbecken von 700 Quadratmetern im Freien und die wundersch\u00f6ne nat\u00fcrliche Grotte.<\/p>\n<\/div>\n<div class=\"row\">\n<div class=\"col-md-4\">\n<h3>Das Verdi Theater<\/h3>\n<p><img decoding=\"async\" class=\"img-responsive\" src=\"https:\/\/www.hotelboston.it\/wp-content\/uploads\/2017\/01\/teatro-verdi-585x335.jpg\" alt=\"\" \/><br \/>\nDas Theater wurde in der ersten H\u00e4lfte von 1800 entworfen aber nur ein Jahrhundert sp\u00e4ter errichtet, wurde mit die Aida von Giuseppe Verdi er\u00f6ffnet. Dieser wichtiger k\u00fcnstlerische Wahrzeichen der Stadt ist die Heimat in jeder Jahreszeit von ein bemerkenswertes Programm von Veranstaltungen und Terminen und wird oft als ein Fernsehstudio RAI verwendet.<\/p>\n<\/div>\n<\/div>\n<\/div>\n<\/div>\n","protected":false},"excerpt":{"rendered":"<p>Im Herz von Montecatini Terme, entdecken Sie die Stadt Das Hotel Boston befindet sich auf eine Allee im Stadt Zentrum, gleich au\u00dferhalb der verkehrsberuhigte Zone. Hier haben sie die Heilb\u00e4der und Sie erreichen in weniger Zeit die Sportzentren und die antike Standseilbahn die Montecatini Alto erreicht.entdecken Sie mehr Um Sie herum, der Zauber der Toskana Die Toskana zu entdecken mit ihre eigene Essenz ist eine faszinierende Erfahrung die Emotionen, Landschaften, &#8230;<\/p>\n","protected":false},"author":1,"featured_media":0,"parent":0,"menu_order":0,"comment_status":"closed","ping_status":"closed","template":"page-mappa-interattiva.php","meta":{"_acf_changed":false},"class_list":["post-2611","page","type-page","status-publish","hentry"],"acf":[],"publishpress_future_workflow_manual_trigger":{"enabledWorkflows":[]},"_links":{"self":[{"href":"https:\/\/www.hotelboston.it\/de\/wp-json\/wp\/v2\/pages\/2611","targetHints":{"allow":["GET"]}}],"collection":[{"href":"https:\/\/www.hotelboston.it\/de\/wp-json\/wp\/v2\/pages"}],"about":[{"href":"https:\/\/www.hotelboston.it\/de\/wp-json\/wp\/v2\/types\/page"}],"author":[{"embeddable":true,"href":"https:\/\/www.hotelboston.it\/de\/wp-json\/wp\/v2\/users\/1"}],"replies":[{"embeddable":true,"href":"https:\/\/www.hotelboston.it\/de\/wp-json\/wp\/v2\/comments?post=2611"}],"version-history":[{"count":0,"href":"https:\/\/www.hotelboston.it\/de\/wp-json\/wp\/v2\/pages\/2611\/revisions"}],"wp:attachment":[{"href":"https:\/\/www.hotelboston.it\/de\/wp-json\/wp\/v2\/media?parent=2611"}],"curies":[{"name":"wp","href":"https:\/\/api.w.org\/{rel}","templated":true}]}}